{"id":232,"date":"2024-01-09T20:59:32","date_gmt":"2024-01-09T20:59:32","guid":{"rendered":"https:\/\/elke.oberheckenhofen.de\/?page_id=232"},"modified":"2026-03-28T14:36:39","modified_gmt":"2026-03-28T14:36:39","slug":"fraenkische-mundartgedichte-2","status":"publish","type":"page","link":"https:\/\/elke.oberheckenhofen.de\/","title":{"rendered":"Fr\u00e4nkische Mundartgedichte"},"content":{"rendered":"\n<p class=\"has-text-align-center\" style=\"font-size:30px;font-style:normal;font-weight:600;text-decoration:underline\"><br>Herzlich willkommen auf meiner Internetseite<br><br><\/p>\n\n\n<div class=\"wp-block-image\">\n<figure class=\"aligncenter size-full is-resized\"><img loading=\"lazy\" decoding=\"async\" width=\"317\" height=\"391\" src=\"https:\/\/elke.oberheckenhofen.de\/wp-content\/uploads\/2024\/01\/IMG_0001.jpg\" alt=\"\" class=\"wp-image-277\" style=\"width:263px;height:auto\" srcset=\"https:\/\/elke.oberheckenhofen.de\/wp-content\/uploads\/2024\/01\/IMG_0001.jpg 317w, https:\/\/elke.oberheckenhofen.de\/wp-content\/uploads\/2024\/01\/IMG_0001-243x300.jpg 243w\" sizes=\"auto, (max-width: 317px) 100vw, 317px\" \/><\/figure>\n<\/div>\n\n\n<p class=\"has-text-align-center\" style=\"font-size:25px;font-style:normal;font-weight:600\"><br><br>Ich freue mich sehr \u00fcber Ihr Interesse<br>an meinen Mundartgedichten!<br>Bisher habe ich 3 B\u00e4nde herausgebracht.<br>Diese k\u00f6nnen Sie auf den nachfolgenden<br>Seiten mit Leseproben n\u00e4her einsehen.<\/p>\n\n\n\n<p class=\"has-text-align-center has-medium-font-size\" style=\"font-style:normal;font-weight:600\">Erh\u00e4ltlich sind meine B\u00fccher<\/p>\n\n\n\n<p class=\"has-text-align-center has-medium-font-size\">im B\u00fcchereistadl Georgensgm\u00fcnd<br>Am Schl\u00f6\u00dflein 1A<br>91166 Georgensgm\u00fcnd<br><a href=\"http:\/\/www.buechereistadl-georgensgmuend.de\" target=\"_blank\" rel=\"noreferrer noopener\">www.buechereistadl-georgensgmuend.de<\/a><\/p>\n\n\n\n<p class=\"has-text-align-center\" style=\"font-size:20px;font-style:normal;font-weight:600\">oder direkt bei mir<\/p>\n\n\n\n<p class=\"has-text-align-center has-medium-font-size\">Elke Winkler<br>Oberheckenhofen 1<br>91166 Georgensgm\u00fcnd<br><a href=\"\/?page_id=185\">Kontakt<\/a><br><br><\/p>\n","protected":false},"excerpt":{"rendered":"<p>Herzlich willkommen auf meiner Internetseite Ich freue mich sehr \u00fcber Ihr Interessean meinen Mundartgedichten!Bisher habe ich 3 B\u00e4nde herausgebracht.Diese k\u00f6nnen Sie auf den nachfolgendenSeiten mit Leseproben n\u00e4her einsehen. Erh\u00e4ltlich sind meine B\u00fccher im B\u00fcchereistadl Georgensgm\u00fcndAm Schl\u00f6\u00dflein 1A91166 Georgensgm\u00fcndwww.buechereistadl-georgensgmuend.de oder direkt bei mir Elke WinklerOberheckenhofen 191166 Georgensgm\u00fcndKontakt<\/p>\n","protected":false},"author":1,"featured_media":0,"parent":0,"menu_order":0,"comment_status":"closed","ping_status":"closed","template":"","meta":{"footnotes":""},"class_list":["post-232","page","type-page","status-publish"],"_links":{"self":[{"href":"https:\/\/elke.oberheckenhofen.de\/index.php?rest_route=\/wp\/v2\/pages\/232","targetHints":{"allow":["GET"]}}],"collection":[{"href":"https:\/\/elke.oberheckenhofen.de\/index.php?rest_route=\/wp\/v2\/pages"}],"about":[{"href":"https:\/\/elke.oberheckenhofen.de\/index.php?rest_route=\/wp\/v2\/types\/page"}],"author":[{"embeddable":true,"href":"https:\/\/elke.oberheckenhofen.de\/index.php?rest_route=\/wp\/v2\/users\/1"}],"replies":[{"embeddable":true,"href":"https:\/\/elke.oberheckenhofen.de\/index.php?rest_route=%2Fwp%2Fv2%2Fcomments&post=232"}],"version-history":[{"count":33,"href":"https:\/\/elke.oberheckenhofen.de\/index.php?rest_route=\/wp\/v2\/pages\/232\/revisions"}],"predecessor-version":[{"id":334,"href":"https:\/\/elke.oberheckenhofen.de\/index.php?rest_route=\/wp\/v2\/pages\/232\/revisions\/334"}],"wp:attachment":[{"href":"https:\/\/elke.oberheckenhofen.de\/index.php?rest_route=%2Fwp%2Fv2%2Fmedia&parent=232"}],"curies":[{"name":"wp","href":"https:\/\/api.w.org\/{rel}","templated":true}]}}